{"id":441,"date":"2024-07-26T09:47:49","date_gmt":"2024-07-26T06:47:49","guid":{"rendered":"http:\/\/stafferty.lt\/?page_id=441"},"modified":"2025-01-21T13:04:35","modified_gmt":"2025-01-21T11:04:35","slug":"kontaktai","status":"publish","type":"page","link":"https:\/\/stafferty.lt\/en\/kontaktai\/","title":{"rendered":"Contacts"},"content":{"rendered":"<p><div class=\"fusion-fullwidth fullwidth-box fusion-builder-row-1 fusion-flex-container has-pattern-background has-mask-background hundred-percent-fullwidth non-hundred-percent-height-scrolling\" style=\"--awb-border-radius-top-left:0px;--awb-border-radius-top-right:0px;--awb-border-radius-bottom-right:0px;--awb-border-radius-bottom-left:0px;--awb-padding-top:;--awb-padding-right:0px;--awb-padding-bottom:0px;--awb-padding-left:0px;--awb-margin-top:0px;--awb-margin-bottom:0px;--awb-background-color:#2c3d4f;--awb-background-size:cover;--awb-flex-wrap:wrap;\" ><div class=\"awb-background-mask\" style=\"background-image:  url();opacity: 0.3 ;transform: scale(1, 1);mix-blend-mode:overlay;\"><\/div><div class=\"fusion-builder-row fusion-row fusion-flex-align-items-flex-start fusion-flex-content-wrap\" style=\"width:104% !important;max-width:104% !important;margin-left: calc(-4% \/ 2 );margin-right: calc(-4% \/ 2 );\"><div class=\"fusion-layout-column fusion_builder_column fusion-builder-column-0 fusion_builder_column_1_1 1_1 fusion-flex-column\" style=\"--awb-bg-size:cover;--awb-width-large:100%;--awb-margin-top-large:0px;--awb-spacing-right-large:1.92%;--awb-margin-bottom-large:20px;--awb-spacing-left-large:1.92%;--awb-width-medium:100%;--awb-order-medium:0;--awb-spacing-right-medium:1.92%;--awb-spacing-left-medium:1.92%;--awb-width-small:100%;--awb-order-small:0;--awb-spacing-right-small:1.92%;--awb-spacing-left-small:1.92%;\" data-scroll-devices=\"small-visibility,medium-visibility,large-visibility\"><div class=\"fusion-column-wrapper fusion-column-has-shadow fusion-flex-justify-content-flex-start fusion-content-layout-column\"><div class=\"fusion-title title fusion-title-1 fusion-sep-none fusion-title-text fusion-title-size-one\" style=\"--awb-text-color:var(--awb-color4);--awb-margin-top:40px;--awb-margin-right:40px;--awb-margin-bottom:40px;--awb-margin-left:40px;--awb-margin-top-small:20px;--awb-margin-right-small:20px;--awb-margin-bottom-small:20px;--awb-margin-left-small:20px;\"><h1 class=\"fusion-title-heading title-heading-left md-text-align-center sm-text-align-center\" style=\"margin:0;\">Kontaktai<\/h1><\/div><\/div><\/div><\/div><\/div><div class=\"fusion-fullwidth fullwidth-box fusion-builder-row-2 fusion-flex-container has-pattern-background has-mask-background nonhundred-percent-fullwidth non-hundred-percent-height-scrolling\" style=\"--awb-border-radius-top-left:0px;--awb-border-radius-top-right:0px;--awb-border-radius-bottom-right:0px;--awb-border-radius-bottom-left:0px;--awb-margin-top:2%;--awb-background-color:#2c3d4f;--awb-flex-wrap:wrap;\" ><div class=\"fusion-builder-row fusion-row fusion-flex-align-items-flex-start fusion-flex-content-wrap\" style=\"max-width:1996.8px;margin-left: calc(-4% \/ 2 );margin-right: calc(-4% \/ 2 );\"><div class=\"fusion-layout-column fusion_builder_column fusion-builder-column-1 fusion_builder_column_1_2 1_2 fusion-flex-column\" style=\"--awb-bg-size:cover;--awb-width-large:50%;--awb-margin-top-large:0px;--awb-spacing-right-large:3.84%;--awb-margin-bottom-large:0px;--awb-spacing-left-large:3.84%;--awb-width-medium:50%;--awb-order-medium:0;--awb-spacing-right-medium:3.84%;--awb-spacing-left-medium:3.84%;--awb-width-small:100%;--awb-order-small:0;--awb-spacing-right-small:1.92%;--awb-spacing-left-small:1.92%;\" data-scroll-devices=\"small-visibility,medium-visibility,large-visibility\"><div class=\"fusion-column-wrapper fusion-column-has-shadow fusion-flex-justify-content-flex-start fusion-content-layout-column\"><div class=\"fusion-image-element \" style=\"text-align:center;--awb-margin-top:0px;--awb-margin-bottom:0px;--awb-caption-title-color:var(--awb-color1);--awb-caption-text-color:var(--awb-color1);--awb-caption-overlay-color:rgba(0,0,0,0);--awb-caption-margin-top:5%;--awb-caption-margin-left:10%;--awb-max-width:700px;--awb-caption-title-font-family:var(--h5_typography-font-family);--awb-caption-title-font-weight:var(--h5_typography-font-weight);--awb-caption-title-font-style:var(--h5_typography-font-style);--awb-caption-title-size:var(--h5_typography-font-size);--awb-caption-title-transform:var(--h5_typography-text-transform);--awb-caption-title-line-height:var(--h5_typography-line-height);--awb-caption-title-letter-spacing:var(--h5_typography-letter-spacing);\"><span class=\" fusion-imageframe imageframe-none imageframe-1 awb-imageframe-style awb-imageframe-style-dario\"><img decoding=\"async\" width=\"300\" height=\"200\" title=\"julia-karnavusha-HdofToH0dQg-unsplash\" src=\"http:\/\/stafferty.lt\/wp-content\/uploads\/2024\/09\/julia-karnavusha-HdofToH0dQg-unsplash-300x200.jpg\" alt class=\"img-responsive wp-image-880\" srcset=\"https:\/\/stafferty.lt\/wp-content\/uploads\/2024\/09\/julia-karnavusha-HdofToH0dQg-unsplash-200x133.jpg 200w, https:\/\/stafferty.lt\/wp-content\/uploads\/2024\/09\/julia-karnavusha-HdofToH0dQg-unsplash-400x267.jpg 400w, https:\/\/stafferty.lt\/wp-content\/uploads\/2024\/09\/julia-karnavusha-HdofToH0dQg-unsplash-600x400.jpg 600w, https:\/\/stafferty.lt\/wp-content\/uploads\/2024\/09\/julia-karnavusha-HdofToH0dQg-unsplash-800x533.jpg 800w, https:\/\/stafferty.lt\/wp-content\/uploads\/2024\/09\/julia-karnavusha-HdofToH0dQg-unsplash-1200x800.jpg 1200w, https:\/\/stafferty.lt\/wp-content\/uploads\/2024\/09\/julia-karnavusha-HdofToH0dQg-unsplash-scaled.jpg 2560w\" sizes=\"(max-width: 640px) 100vw, 1200px\" \/><div class=\"awb-imageframe-caption-container\"><div class=\"awb-imageframe-caption\"><h5 class=\"awb-imageframe-caption-title\">Vilnius<\/h5><\/div><\/div><\/span><\/div><\/div><\/div><div class=\"fusion-layout-column fusion_builder_column fusion-builder-column-2 fusion_builder_column_1_4 1_4 fusion-flex-column\" style=\"--awb-padding-top:15%;--awb-padding-left:15%;--awb-bg-size:cover;--awb-width-large:25%;--awb-margin-top-large:0px;--awb-spacing-right-large:7.68%;--awb-margin-bottom-large:20px;--awb-spacing-left-large:7.68%;--awb-width-medium:25%;--awb-order-medium:0;--awb-spacing-right-medium:7.68%;--awb-spacing-left-medium:7.68%;--awb-width-small:100%;--awb-order-small:0;--awb-spacing-right-small:1.92%;--awb-spacing-left-small:1.92%;\" data-scroll-devices=\"small-visibility,medium-visibility,large-visibility\"><div class=\"fusion-column-wrapper fusion-column-has-shadow fusion-flex-justify-content-flex-start fusion-content-layout-column\"><div class=\"fusion-text fusion-text-1\" style=\"--awb-text-color:var(--awb-color1);\"><div class=\"fusion-title title fusion-title-8 fusion-sep-none fusion-title-text fusion-title-size-six\">\n<div class=\"fusion-title title fusion-title-9 fusion-sep-none fusion-title-text fusion-title-size-six\">\n<p class=\"fusion-title-heading title-heading-left\"><strong>Telefono numeris<\/strong><\/p>\n<\/div>\n<div class=\"fusion-text fusion-text-7 fusion-text-no-margin\">\n<p><a href=\"tel:+37052497925\">+37052497925<\/a><\/p>\n<\/div>\n<\/div>\n<div class=\"fusion-text fusion-text-3\"><\/div>\n<\/div><div class=\"fusion-text fusion-text-2\" style=\"--awb-text-color:var(--awb-color1);\"><div class=\"fusion-title title fusion-title-8 fusion-sep-none fusion-title-text fusion-title-size-six\">\n<div class=\"fusion-title title fusion-title-10 fusion-sep-none fusion-title-text fusion-title-size-six\">\n<p class=\"fusion-title-heading title-heading-left\"><strong>El. pa\u0161tas bendriems klausimams<\/strong><\/p>\n<\/div>\n<div class=\"fusion-text fusion-text-6 fusion-text-no-margin\">\n<p><a href=\"mailto:info@stafferty.lt\">info@stafferty.lt<\/a><\/p>\n<\/div>\n<\/div>\n<div class=\"fusion-text fusion-text-3\"><\/div>\n<\/div><div class=\"fusion-text fusion-text-3\" style=\"--awb-text-color:var(--awb-color1);\"><div class=\"fusion-title title fusion-title-8 fusion-sep-none fusion-title-text fusion-title-size-six\">\n<div class=\"fusion-title title fusion-title-10 fusion-sep-none fusion-title-text fusion-title-size-six\">\n<div class=\"fusion-title title fusion-title-11 fusion-sep-none fusion-title-text fusion-title-size-six\">\n<p class=\"fusion-title-heading title-heading-left\"><strong>El. pa\u0161tas CV siuntimui<\/strong><\/p>\n<\/div>\n<div class=\"fusion-text fusion-text-11 fusion-text-no-margin\">\n<p><a href=\"mailto:resume@stafferty.lt\">resume@stafferty.lt<\/a><\/p>\n<\/div>\n<\/div>\n<\/div>\n<\/div><div class=\"fusion-text fusion-text-4\" style=\"--awb-text-color:var(--awb-color1);\"><div class=\"fusion-title title fusion-title-8 fusion-sep-none fusion-title-text fusion-title-size-six\">\n<div class=\"fusion-title title fusion-title-10 fusion-sep-none fusion-title-text fusion-title-size-six\">\n<div class=\"fusion-title title fusion-title-11 fusion-sep-none fusion-title-text fusion-title-size-six\">\n<p class=\"fusion-title-heading title-heading-left\"><strong>El. pa\u0161tas bendradarbiavimui<\/strong><\/p>\n<\/div>\n<div class=\"fusion-text fusion-text-11 fusion-text-no-margin\">\n<p><a href=\"mailto:marketing@stafferty.lt\">marketing@stafferty.lt<\/a><\/p>\n<\/div>\n<\/div>\n<\/div>\n<\/div><\/div><\/div><div class=\"fusion-layout-column fusion_builder_column fusion-builder-column-3 fusion_builder_column_1_4 1_4 fusion-flex-column\" style=\"--awb-padding-top:15%;--awb-padding-right:15%;--awb-bg-size:cover;--awb-width-large:25%;--awb-margin-top-large:0px;--awb-spacing-right-large:7.68%;--awb-margin-bottom-large:20px;--awb-spacing-left-large:7.68%;--awb-width-medium:25%;--awb-order-medium:0;--awb-spacing-right-medium:7.68%;--awb-spacing-left-medium:7.68%;--awb-width-small:100%;--awb-order-small:0;--awb-spacing-right-small:1.92%;--awb-spacing-left-small:1.92%;\" data-scroll-devices=\"small-visibility,medium-visibility,large-visibility\"><div class=\"fusion-column-wrapper fusion-column-has-shadow fusion-flex-justify-content-flex-start fusion-content-layout-column\"><div class=\"fusion-text fusion-text-5\" style=\"--awb-text-color:var(--awb-color1);\"><div class=\"fusion-title title fusion-title-8 fusion-sep-none fusion-title-text fusion-title-size-six\">\n<p>&nbsp;<\/p>\n<p class=\"fusion-title-heading title-heading-left\"><strong>Biuras Vilniuje<\/strong><\/p>\n<\/div>\n<div class=\"fusion-text fusion-text-3\">\n<p><a href=\"https:\/\/maps.app.goo.gl\/ZzfBR369GzughMtK7\">Ukmerg\u0117s g. 126, verslo centras CORE, D pastatas, LT- 08100, Vilnius, Lietuva.<\/a><\/p>\n<\/div>\n<\/div><div class=\"fusion-text fusion-text-6\" style=\"--awb-text-color:var(--awb-color1);\"><div class=\"fusion-title title fusion-title-8 fusion-sep-none fusion-title-text fusion-title-size-six\">\n<div class=\"fusion-title title fusion-title-10 fusion-sep-none fusion-title-text fusion-title-size-six\">\n<p class=\"fusion-title-heading title-heading-left\"><strong>Darbo laikas<\/strong><\/p>\n<p class=\"fusion-title-heading title-heading-left\">I\u2013V 9.00\u201318.00 val.<\/p>\n<\/div>\n<\/div>\n<\/div><\/div><\/div><\/div><\/div><div class=\"fusion-fullwidth fullwidth-box fusion-builder-row-3 fusion-flex-container has-pattern-background has-mask-background nonhundred-percent-fullwidth non-hundred-percent-height-scrolling\" style=\"--awb-border-sizes-left:5%;--awb-border-sizes-right:5%;--awb-border-color:rgba(0,0,0,0);--awb-border-radius-top-left:0px;--awb-border-radius-top-right:0px;--awb-border-radius-bottom-right:0px;--awb-border-radius-bottom-left:0px;--awb-padding-right:5%;--awb-padding-left:5%;--awb-flex-wrap:wrap;\" ><div class=\"fusion-builder-row fusion-row fusion-flex-align-items-flex-start fusion-flex-content-wrap\" style=\"max-width:1996.8px;margin-left: calc(-4% \/ 2 );margin-right: calc(-4% \/ 2 );\"><div class=\"fusion-layout-column fusion_builder_column fusion-builder-column-4 fusion_builder_column_1_1 1_1 fusion-flex-column\" style=\"--awb-padding-top:2%;--awb-bg-size:cover;--awb-width-large:100%;--awb-margin-top-large:0px;--awb-spacing-right-large:1.92%;--awb-margin-bottom-large:20px;--awb-spacing-left-large:1.92%;--awb-width-medium:100%;--awb-order-medium:0;--awb-spacing-right-medium:1.92%;--awb-spacing-left-medium:1.92%;--awb-width-small:100%;--awb-order-small:0;--awb-spacing-right-small:1.92%;--awb-spacing-left-small:1.92%;\" data-scroll-devices=\"small-visibility,medium-visibility,large-visibility\"><div class=\"fusion-column-wrapper fusion-column-has-shadow fusion-flex-justify-content-flex-start fusion-content-layout-column\"><div class=\"fusion-form fusion-form-builder fusion-form-form-wrapper fusion-form-32\" style=\"--awb-tooltip-text-color:#ffffff;--awb-tooltip-background-color:#333333;--awb-form-bg-color:var(--awb-color3);\" data-form-id=\"32\" data-config=\"{&quot;form_id&quot;:&quot;32&quot;,&quot;form_post_id&quot;:&quot;32&quot;,&quot;post_id&quot;:441,&quot;form_type&quot;:&quot;ajax&quot;,&quot;confirmation_type&quot;:&quot;message&quot;,&quot;redirect_url&quot;:&quot;&quot;,&quot;redirect_timeout&quot;:&quot;0&quot;,&quot;field_labels&quot;:{&quot;vardas&quot;:&quot;&quot;,&quot;pavarde&quot;:&quot;&quot;,&quot;imone&quot;:&quot;&quot;,&quot;el_pastas&quot;:&quot;&quot;,&quot;mob_telefono_numeris&quot;:&quot;&quot;,&quot;_susipazinau_su_privatumo_politika_ir_sutinku&quot;:&quot;&quot;,&quot;&quot;:&quot;&quot;},&quot;field_logics&quot;:{&quot;notice_1&quot;:&quot;&quot;,&quot;vardas&quot;:&quot;&quot;,&quot;pavarde&quot;:&quot;&quot;,&quot;imone&quot;:&quot;&quot;,&quot;el_pastas&quot;:&quot;&quot;,&quot;mob_telefono_numeris&quot;:&quot;&quot;,&quot;_susipazinau_su_privatumo_politika_ir_sutinku&quot;:&quot;&quot;,&quot;&quot;:&quot;&quot;,&quot;submit_1&quot;:&quot;&quot;},&quot;field_types&quot;:{&quot;notice_1&quot;:&quot;notice&quot;,&quot;vardas&quot;:&quot;text&quot;,&quot;pavarde&quot;:&quot;text&quot;,&quot;imone&quot;:&quot;text&quot;,&quot;el_pastas&quot;:&quot;email&quot;,&quot;mob_telefono_numeris&quot;:&quot;phone_number&quot;,&quot;_susipazinau_su_privatumo_politika_ir_sutinku&quot;:&quot;consent&quot;,&quot;&quot;:&quot;textarea&quot;,&quot;submit_1&quot;:&quot;submit&quot;},&quot;nonce_method&quot;:&quot;ajax&quot;,&quot;form_views&quot;:&quot;ajax&quot;,&quot;form_views_counting&quot;:&quot;all&quot;}\"><form action=\"https:\/\/stafferty.lt\/en\/kontaktai\/\" method=\"post\" class=\"fusion-form fusion-form-32\"><div class=\"fusion-fullwidth fullwidth-box fusion-builder-row-3-1 fusion-flex-container has-pattern-background has-mask-background nonhundred-percent-fullwidth non-hundred-percent-height-scrolling\" style=\"--awb-border-radius-top-left:0px;--awb-border-radius-top-right:0px;--awb-border-radius-bottom-right:0px;--awb-border-radius-bottom-left:0px;--awb-flex-wrap:wrap;\" ><div class=\"fusion-builder-row fusion-row fusion-flex-align-items-flex-start fusion-flex-content-wrap\" style=\"width:104% !important;max-width:104% !important;margin-left: calc(-4% \/ 2 );margin-right: calc(-4% \/ 2 );\"><div class=\"fusion-layout-column fusion_builder_column fusion-builder-column-5 fusion_builder_column_1_1 1_1 fusion-flex-column\" style=\"--awb-bg-size:cover;--awb-width-large:100%;--awb-flex-grow:0;--awb-flex-shrink:0;--awb-margin-top-large:0px;--awb-spacing-right-large:1.92%;--awb-margin-bottom-large:20px;--awb-spacing-left-large:1.92%;--awb-width-medium:100%;--awb-order-medium:0;--awb-flex-grow-medium:0;--awb-flex-shrink-medium:0;--awb-spacing-right-medium:1.92%;--awb-spacing-left-medium:1.92%;--awb-width-small:100%;--awb-order-small:0;--awb-flex-grow-small:0;--awb-flex-shrink-small:0;--awb-spacing-right-small:1.92%;--awb-spacing-left-small:1.92%;\"><div class=\"fusion-column-wrapper fusion-column-has-shadow fusion-flex-justify-content-flex-start fusion-content-layout-column\"><div class=\"fusion-title title fusion-title-2 fusion-sep-none fusion-title-text fusion-title-size-one\" style=\"--awb-text-color:var(--awb-color4);--awb-margin-top:0px;--awb-margin-bottom:0px;\"><h1 class=\"fusion-title-heading title-heading-left\" style=\"margin:0;\">Susisiekite su mumis<\/h1><\/div><div class=\"fusion-text fusion-text-7 fusion-text-no-margin\" style=\"--awb-margin-top:0px;--awb-margin-right:0px;--awb-margin-bottom:0px;--awb-margin-left:0px;\"><h5>Turite klausim\u0173?<\/h5>\n<\/div>\n<div class=\"form-submission-notices data-notice_1\" id=\"fusion-notices-1\"><div class=\"fusion-alert alert success alert-success fusion-alert-center fusion-form-response fusion-form-response-success awb-alert-native-link-color alert-dismissable awb-alert-close-boxed\" role=\"alert\"><div class=\"fusion-alert-content-wrapper\"><span class=\"alert-icon\"><i class=\"awb-icon-check-circle\" aria-hidden=\"true\"><\/i><\/span><span class=\"fusion-alert-content\">D\u0117kojame u\u017e J\u016bs\u0173 prane\u0161im\u0105! J\u012f gavome ir su Jumis susisieksime kaip \u012fmanoma grei\u010diau.<\/span><\/div><button type=\"button\" class=\"close toggle-alert\" data-dismiss=\"alert\" aria-label=\"Close\">&times;<\/button><\/div><div class=\"fusion-alert alert error alert-danger fusion-alert-center fusion-form-response fusion-form-response-error awb-alert-native-link-color alert-dismissable awb-alert-close-boxed\" role=\"alert\"><div class=\"fusion-alert-content-wrapper\"><span class=\"alert-icon\"><i class=\"awb-icon-exclamation-triangle\" aria-hidden=\"true\"><\/i><\/span><span class=\"fusion-alert-content\">Atsipra\u0161ome, ta\u010diau J\u016bs\u0173 prane\u0161imo nepavyko i\u0161si\u0173sti. Pabandykite dar kart\u0105!<\/span><\/div><button type=\"button\" class=\"close toggle-alert\" data-dismiss=\"alert\" aria-label=\"Close\">&times;<\/button><\/div><\/div><\/div><\/div><div class=\"fusion-layout-column fusion_builder_column fusion-builder-column-6 fusion_builder_column_1_3 1_3 fusion-flex-column\" style=\"--awb-bg-size:cover;--awb-width-large:33.333333333333%;--awb-flex-grow:0;--awb-flex-shrink:0;--awb-margin-top-large:0px;--awb-spacing-right-large:5.76%;--awb-margin-bottom-large:20px;--awb-spacing-left-large:5.76%;--awb-width-medium:33.333333333333%;--awb-order-medium:0;--awb-flex-grow-medium:0;--awb-flex-shrink-medium:0;--awb-spacing-right-medium:5.76%;--awb-spacing-left-medium:5.76%;--awb-width-small:100%;--awb-order-small:0;--awb-flex-grow-small:0;--awb-flex-shrink-small:0;--awb-spacing-right-small:1.92%;--awb-spacing-left-small:1.92%;\"><div class=\"fusion-column-wrapper fusion-column-has-shadow fusion-flex-justify-content-flex-start fusion-content-layout-column\"><div class=\"fusion-form-field fusion-form-text-field fusion-form-label-above\" style=\"\" data-form-id=\"32\"><input type=\"text\" autocomplete=\"off\"  pattern=\"[a-zA-Z]+\"  data-invalid-notice=\"Neteisingi duomenys\"  data-empty-notice=\"Laukas b\u016btinas!\" name=\"vardas\" id=\"vardas\" value=\"\"  class=\"fusion-form-input\" required=\"true\" aria-required=\"true\" placeholder=\"Vardas *\" data-holds-private-data=\"false\" minlength=\"2\"\/><\/div><div class=\"fusion-form-field fusion-form-text-field fusion-form-label-above\" style=\"\" data-form-id=\"32\"><input type=\"text\" autocomplete=\"off\"  pattern=\"[a-zA-Z]+\"  data-invalid-notice=\"Neteisingi duomenys!\"  data-empty-notice=\"Laukas b\u016btinas!\" name=\"pavarde\" id=\"pavarde\" value=\"\"  class=\"fusion-form-input\" required=\"true\" aria-required=\"true\" placeholder=\"Pavard\u0117 *\" data-holds-private-data=\"false\" minlength=\"2\"\/><\/div><div class=\"fusion-form-field fusion-form-text-field fusion-form-label-above\" style=\"\" data-form-id=\"32\"><input type=\"text\" autocomplete=\"off\" name=\"imone\" id=\"imone\" value=\"\"  class=\"fusion-form-input\" placeholder=\"\u012emon\u0117 \" data-holds-private-data=\"false\" minlength=\"0\"\/><\/div><\/div><\/div><div class=\"fusion-layout-column fusion_builder_column fusion-builder-column-7 fusion_builder_column_1_3 1_3 fusion-flex-column\" style=\"--awb-bg-size:cover;--awb-width-large:33.333333333333%;--awb-flex-grow:0;--awb-flex-shrink:0;--awb-margin-top-large:0px;--awb-spacing-right-large:5.76%;--awb-margin-bottom-large:20px;--awb-spacing-left-large:5.76%;--awb-width-medium:33.333333333333%;--awb-order-medium:0;--awb-flex-grow-medium:0;--awb-flex-shrink-medium:0;--awb-spacing-right-medium:5.76%;--awb-spacing-left-medium:5.76%;--awb-width-small:100%;--awb-order-small:0;--awb-flex-grow-small:0;--awb-flex-shrink-small:0;--awb-spacing-right-small:1.92%;--awb-spacing-left-small:1.92%;\"><div class=\"fusion-column-wrapper fusion-column-has-shadow fusion-flex-justify-content-flex-start fusion-content-layout-column\"><div class=\"fusion-form-field fusion-form-email-field fusion-form-label-above\" style=\"\" data-form-id=\"32\"><input type=\"email\" autocomplete=\"off\"  data-empty-notice=\"Laukas b\u016btinas!\" name=\"el_pastas\" id=\"el_pastas\" value=\"\"  class=\"fusion-form-input\" required=\"true\" aria-required=\"true\" placeholder=\"El. pa\u0161tas *\" data-holds-private-data=\"false\"\/><\/div><div class=\"fusion-form-field fusion-form-phone-number-field fusion-form-label-above\" style=\"\" data-form-id=\"32\"><input type=\"tel\" autocomplete=\"off\"  data-empty-notice=\"Laukas b\u016btinas!\" name=\"mob_telefono_numeris\" id=\"mob_telefono_numeris\" value=\"\"  class=\"fusion-form-input\" required=\"true\" aria-required=\"true\" placeholder=\"Mob. telefono numeris *\" data-holds-private-data=\"false\"\/><\/div><div class=\"fusion-form-field fusion-form-consent-field fusion-form-label-above\" style=\"\" data-form-id=\"32\"><div class=\"fusion-form-checkbox option-inline\"><input tabindex=\"\" id=\"_susipazinau_su_privatumo_politika_ir_sutinku\" type=\"checkbox\" value=\"1\" name=\"_susipazinau_su_privatumo_politika_ir_sutinku\" class=\"fusion-form-input\" required=\"true\" aria-required=\"true\" checked \/><label for=\"_susipazinau_su_privatumo_politika_ir_sutinku\">Susipa\u017einau su <a href=\"https:\/\/www.stafferty.lt\/privatumo-politika\/\" target=\"_blank\">privatumo politika<\/a>\u00a0ir sutinku su mano pateikt\u0173 asmens duomen\u0173 \ntvarkymu\n<\/label><\/div><\/div><\/div><\/div><div class=\"fusion-layout-column fusion_builder_column fusion-builder-column-8 fusion_builder_column_1_3 1_3 fusion-flex-column\" style=\"--awb-bg-size:cover;--awb-width-large:33.333333333333%;--awb-flex-grow:0;--awb-flex-shrink:0;--awb-margin-top-large:0px;--awb-spacing-right-large:5.76%;--awb-margin-bottom-large:20px;--awb-spacing-left-large:5.76%;--awb-width-medium:33.333333333333%;--awb-order-medium:0;--awb-flex-grow-medium:0;--awb-flex-shrink-medium:0;--awb-spacing-right-medium:5.76%;--awb-spacing-left-medium:5.76%;--awb-width-small:100%;--awb-order-small:0;--awb-flex-grow-small:0;--awb-flex-shrink-small:0;--awb-spacing-right-small:1.92%;--awb-spacing-left-small:1.92%;\"><div class=\"fusion-column-wrapper fusion-column-has-shadow fusion-flex-justify-content-flex-start fusion-content-layout-column\"><div class=\"fusion-form-field fusion-form-textarea-field fusion-form-label-above\" style=\"\" data-form-id=\"32\"><textarea cols=\"40\" autocomplete=\"off\"  minlength=\"100\"  rows=\"15\" tabindex=\"\" id=\"\" name=\"\" class=\"fusion-form-input\" required=\"true\" aria-required=\"true\" placeholder=\"\u017dinut\u0117 *\" data-holds-private-data=\"false\"><\/textarea><\/div><\/div><\/div><div class=\"fusion-layout-column fusion_builder_column fusion-builder-column-9 fusion_builder_column_1_1 1_1 fusion-flex-column\" style=\"--awb-bg-size:cover;--awb-width-large:100%;--awb-flex-grow:0;--awb-flex-shrink:0;--awb-margin-top-large:0px;--awb-spacing-right-large:1.92%;--awb-margin-bottom-large:20px;--awb-spacing-left-large:1.92%;--awb-width-medium:100%;--awb-order-medium:0;--awb-flex-grow-medium:0;--awb-flex-shrink-medium:0;--awb-spacing-right-medium:1.92%;--awb-spacing-left-medium:1.92%;--awb-width-small:100%;--awb-order-small:0;--awb-flex-grow-small:0;--awb-flex-shrink-small:0;--awb-spacing-right-small:1.92%;--awb-spacing-left-small:1.92%;\"><div class=\"fusion-column-wrapper fusion-column-has-shadow fusion-flex-justify-content-flex-start fusion-content-layout-column\"><div class=\"fusion-form-field fusion-form-submit-field fusion-form-label-above\" style=\"\" data-form-id=\"32\"><div style=\"text-align:right;\"><button type=\"submit\" class=\"fusion-button button-flat fusion-button-default-size button-default fusion-button-default button-1 fusion-button-default-span  button-default form-form-submit\" data-form-number=\"32\" tabindex=\"\"><span class=\"fusion-button-text awb-button__text awb-button__text--default\">PATEIKTI<\/span><\/button><\/div><\/div><\/div><\/div><\/div><\/div><input type=\"hidden\" name=\"fusion_privacy_store_ip_ua\" value=\"false\"><input type=\"hidden\" name=\"fusion_privacy_expiration_interval\" value=\"48\"><input type=\"hidden\" name=\"privacy_expiration_action\" value=\"anonymize\"><\/form><\/div><\/div><\/div><\/div><\/div><\/p>\n","protected":false},"excerpt":{"rendered":"","protected":false},"author":1,"featured_media":0,"parent":0,"menu_order":0,"comment_status":"closed","ping_status":"closed","template":"100-width.php","meta":{"footnotes":""},"class_list":["post-441","page","type-page","status-publish","hentry"],"_links":{"self":[{"href":"https:\/\/stafferty.lt\/en\/wp-json\/wp\/v2\/pages\/441","targetHints":{"allow":["GET"]}}],"collection":[{"href":"https:\/\/stafferty.lt\/en\/wp-json\/wp\/v2\/pages"}],"about":[{"href":"https:\/\/stafferty.lt\/en\/wp-json\/wp\/v2\/types\/page"}],"author":[{"embeddable":true,"href":"https:\/\/stafferty.lt\/en\/wp-json\/wp\/v2\/users\/1"}],"replies":[{"embeddable":true,"href":"https:\/\/stafferty.lt\/en\/wp-json\/wp\/v2\/comments?post=441"}],"version-history":[{"count":68,"href":"https:\/\/stafferty.lt\/en\/wp-json\/wp\/v2\/pages\/441\/revisions"}],"predecessor-version":[{"id":1466,"href":"https:\/\/stafferty.lt\/en\/wp-json\/wp\/v2\/pages\/441\/revisions\/1466"}],"wp:attachment":[{"href":"https:\/\/stafferty.lt\/en\/wp-json\/wp\/v2\/media?parent=441"}],"curies":[{"name":"wp","href":"https:\/\/api.w.org\/{rel}","templated":true}]}}