{"id":626,"date":"2024-07-27T13:07:01","date_gmt":"2024-07-27T10:07:01","guid":{"rendered":"http:\/\/stafferty.lt\/?page_id=626"},"modified":"2025-01-17T15:28:43","modified_gmt":"2025-01-17T12:28:43","slug":"antikorupcija","status":"publish","type":"page","link":"https:\/\/stafferty.lt\/en\/apie-mus\/antikorupcija\/","title":{"rendered":"Anti-Bribery Clause"},"content":{"rendered":"<p><div class=\"fusion-fullwidth fullwidth-box fusion-builder-row-1 fusion-flex-container has-pattern-background has-mask-background hundred-percent-fullwidth non-hundred-percent-height-scrolling\" style=\"--awb-border-radius-top-left:0px;--awb-border-radius-top-right:0px;--awb-border-radius-bottom-right:0px;--awb-border-radius-bottom-left:0px;--awb-padding-top:;--awb-padding-right:0px;--awb-padding-bottom:0px;--awb-padding-left:0px;--awb-margin-top:0px;--awb-margin-bottom:0px;--awb-background-color:#2c3d4f;--awb-background-size:cover;--awb-flex-wrap:wrap;\" ><div class=\"awb-background-mask\" style=\"background-image:  url();opacity: 0.3 ;transform: scale(1, 1);mix-blend-mode:overlay;\"><\/div><div class=\"fusion-builder-row fusion-row fusion-flex-align-items-flex-start fusion-flex-content-wrap\" style=\"width:104% !important;max-width:104% !important;margin-left: calc(-4% \/ 2 );margin-right: calc(-4% \/ 2 );\"><div class=\"fusion-layout-column fusion_builder_column fusion-builder-column-0 fusion_builder_column_1_1 1_1 fusion-flex-column\" style=\"--awb-bg-size:cover;--awb-width-large:100%;--awb-margin-top-large:0px;--awb-spacing-right-large:1.92%;--awb-margin-bottom-large:20px;--awb-spacing-left-large:1.92%;--awb-width-medium:100%;--awb-order-medium:0;--awb-spacing-right-medium:1.92%;--awb-spacing-left-medium:1.92%;--awb-width-small:100%;--awb-order-small:0;--awb-spacing-right-small:1.92%;--awb-spacing-left-small:1.92%;\" data-scroll-devices=\"small-visibility,medium-visibility,large-visibility\"><div class=\"fusion-column-wrapper fusion-column-has-shadow fusion-flex-justify-content-flex-start fusion-content-layout-column\"><div class=\"fusion-title title fusion-title-1 fusion-sep-none fusion-title-text fusion-title-size-one\" style=\"--awb-text-color:var(--awb-color4);--awb-margin-top:40px;--awb-margin-right:40px;--awb-margin-bottom:40px;--awb-margin-left:40px;--awb-margin-top-small:20px;--awb-margin-right-small:20px;--awb-margin-bottom-small:20px;--awb-margin-left-small:20px;\"><h1 class=\"fusion-title-heading title-heading-left md-text-align-center sm-text-align-center\" style=\"margin:0;\"><span style=\"background-color: var(--awb-bg-color-medium); color: var(--awb-text-color); font-family: var(--h1_typography-font-family); font-size: 1em; font-style: var(--h1_typography-font-style,normal); font-weight: var(--h1_typography-font-weight); letter-spacing: var(--h1_typography-letter-spacing); text-align: left; text-transform: var(--h1_typography-text-transform);\">Antikorupcija<\/span><\/h1><\/div><\/div><\/div><\/div><\/div><div class=\"fusion-fullwidth fullwidth-box fusion-builder-row-2 fusion-flex-container has-pattern-background has-mask-background nonhundred-percent-fullwidth non-hundred-percent-height-scrolling\" style=\"--awb-border-radius-top-left:0px;--awb-border-radius-top-right:0px;--awb-border-radius-bottom-right:0px;--awb-border-radius-bottom-left:0px;--awb-padding-top:5%;--awb-padding-right:5%;--awb-padding-left:5%;--awb-flex-wrap:wrap;\" ><div class=\"fusion-builder-row fusion-row fusion-flex-align-items-flex-start fusion-flex-content-wrap\" style=\"max-width:1996.8px;margin-left: calc(-4% \/ 2 );margin-right: calc(-4% \/ 2 );\"><div class=\"fusion-layout-column fusion_builder_column fusion-builder-column-1 fusion_builder_column_1_1 1_1 fusion-flex-column\" style=\"--awb-bg-size:cover;--awb-width-large:100%;--awb-margin-top-large:0px;--awb-spacing-right-large:1.92%;--awb-margin-bottom-large:20px;--awb-spacing-left-large:1.92%;--awb-width-medium:100%;--awb-order-medium:0;--awb-spacing-right-medium:1.92%;--awb-spacing-left-medium:1.92%;--awb-width-small:100%;--awb-order-small:0;--awb-spacing-right-small:1.92%;--awb-spacing-left-small:1.92%;\"><div class=\"fusion-column-wrapper fusion-column-has-shadow fusion-flex-justify-content-flex-start fusion-content-layout-column\"><div class=\"fusion-text fusion-text-1\"><p>Stafferty atvirai parei\u0161kia, kad jai nepriimtina korupcija bet kokia forma ir aprai\u0161komis, tod\u0117l vadovams, darbuotojams, taip pat kitiems asmenims, veikiantiems Bendrov\u0117s vardu ir\/arba jos interesais, tiesiogiai ar netiesiogiai, asmeni\u0161kai ar per bet kokius nors tarpininkus, grie\u017etai draud\u017eiama korupcin\u0117 veika.<\/p>\n<p>Korupcija \u2013 tai piktnaud\u017eiavimas tarnybine pad\u0117timi, ky\u0161i\u0173 davimas ir gavimas, piktnaud\u017eiavimas patik\u0117ta galia, komercinis papirkin\u0117jimas ar kitas neteis\u0117tas fizinio asmens (pareig\u016bno) naudojimasis savo tarnybine pad\u0117timi, prie\u0161taraujantis teis\u0117tiems visuomen\u0117s ir valstyb\u0117s interesams, siekiant gauti naudos pinigais, vertyb\u0117mis, kitu turtu ar turtin\u0117mis paslaugomis arba kitomis turtin\u0117mis teis\u0117mis sau arba tretiesiems asmenims, arba kai min\u0117tam asmeniui toki\u0105 naud\u0105 neteis\u0117tai teikia kiti fiziniai asmenys. Korupcija taip pat yra auk\u0161\u010diau nurodytos veikos vykdymas Bendrov\u0117s vardu ir\/arba jos interesais.<\/p>\n<p>Stafferty imasi vis\u0173 b\u016btin\u0173 priemoni\u0173, kad u\u017etikrint\u0173 korupcijos prevencij\u0105 ir u\u017ekirst\u0173 keli\u0105 korupcinei veikai.<\/p>\n<p>Bendrov\u0117s vadovyb\u0117 yra suinteresuota laiku gauti informacij\u0105 apie rengiamus ar esamus korupcijos faktus, taip pat apie faktus, kad kokie nors asmenys kreip\u0117si \u012f Bendrov\u0117s darbuotojus, skatindami juos \u012fvykdyti korupcinius teis\u0117s pa\u017eeidimus, ir tuo b\u016bdu u\u017ekirsti jiems keli\u0105.<\/p>\n<\/div><\/div><\/div><\/div><\/div><div class=\"fusion-fullwidth fullwidth-box fusion-builder-row-3 fusion-flex-container has-pattern-background has-mask-background nonhundred-percent-fullwidth non-hundred-percent-height-scrolling\" style=\"--awb-border-sizes-left:5%;--awb-border-sizes-right:5%;--awb-border-color:rgba(0,0,0,0);--awb-border-radius-top-left:0px;--awb-border-radius-top-right:0px;--awb-border-radius-bottom-right:0px;--awb-border-radius-bottom-left:0px;--awb-padding-right:5%;--awb-padding-left:5%;--awb-flex-wrap:wrap;\" ><div class=\"fusion-builder-row fusion-row fusion-flex-align-items-flex-start fusion-flex-content-wrap\" style=\"max-width:1996.8px;margin-left: calc(-4% \/ 2 );margin-right: calc(-4% \/ 2 );\"><div class=\"fusion-layout-column fusion_builder_column fusion-builder-column-2 fusion_builder_column_1_1 1_1 fusion-flex-column\" style=\"--awb-padding-top:5%;--awb-bg-size:cover;--awb-width-large:100%;--awb-margin-top-large:0px;--awb-spacing-right-large:1.92%;--awb-margin-bottom-large:20px;--awb-spacing-left-large:1.92%;--awb-width-medium:100%;--awb-order-medium:0;--awb-spacing-right-medium:1.92%;--awb-spacing-left-medium:1.92%;--awb-width-small:100%;--awb-order-small:0;--awb-spacing-right-small:1.92%;--awb-spacing-left-small:1.92%;\" data-scroll-devices=\"small-visibility,medium-visibility,large-visibility\"><div class=\"fusion-column-wrapper fusion-column-has-shadow fusion-flex-justify-content-flex-start fusion-content-layout-column\"><div class=\"fusion-form fusion-form-builder fusion-form-form-wrapper fusion-form-32\" style=\"--awb-tooltip-text-color:#ffffff;--awb-tooltip-background-color:#333333;--awb-form-bg-color:var(--awb-color3);\" data-form-id=\"32\" data-config=\"{&quot;form_id&quot;:&quot;32&quot;,&quot;form_post_id&quot;:&quot;32&quot;,&quot;post_id&quot;:626,&quot;form_type&quot;:&quot;ajax&quot;,&quot;confirmation_type&quot;:&quot;message&quot;,&quot;redirect_url&quot;:&quot;&quot;,&quot;redirect_timeout&quot;:&quot;0&quot;,&quot;field_labels&quot;:{&quot;vardas&quot;:&quot;&quot;,&quot;pavarde&quot;:&quot;&quot;,&quot;imone&quot;:&quot;&quot;,&quot;el_pastas&quot;:&quot;&quot;,&quot;mob_telefono_numeris&quot;:&quot;&quot;,&quot;_susipazinau_su_privatumo_politika_ir_sutinku&quot;:&quot;&quot;,&quot;&quot;:&quot;&quot;},&quot;field_logics&quot;:{&quot;notice_1&quot;:&quot;&quot;,&quot;vardas&quot;:&quot;&quot;,&quot;pavarde&quot;:&quot;&quot;,&quot;imone&quot;:&quot;&quot;,&quot;el_pastas&quot;:&quot;&quot;,&quot;mob_telefono_numeris&quot;:&quot;&quot;,&quot;_susipazinau_su_privatumo_politika_ir_sutinku&quot;:&quot;&quot;,&quot;&quot;:&quot;&quot;,&quot;submit_1&quot;:&quot;&quot;},&quot;field_types&quot;:{&quot;notice_1&quot;:&quot;notice&quot;,&quot;vardas&quot;:&quot;text&quot;,&quot;pavarde&quot;:&quot;text&quot;,&quot;imone&quot;:&quot;text&quot;,&quot;el_pastas&quot;:&quot;email&quot;,&quot;mob_telefono_numeris&quot;:&quot;phone_number&quot;,&quot;_susipazinau_su_privatumo_politika_ir_sutinku&quot;:&quot;consent&quot;,&quot;&quot;:&quot;textarea&quot;,&quot;submit_1&quot;:&quot;submit&quot;},&quot;nonce_method&quot;:&quot;ajax&quot;,&quot;form_views&quot;:&quot;ajax&quot;,&quot;form_views_counting&quot;:&quot;all&quot;}\"><form action=\"https:\/\/stafferty.lt\/en\/apie-mus\/antikorupcija\/\" method=\"post\" class=\"fusion-form fusion-form-32\"><div class=\"fusion-fullwidth fullwidth-box fusion-builder-row-3-1 fusion-flex-container has-pattern-background has-mask-background nonhundred-percent-fullwidth non-hundred-percent-height-scrolling\" style=\"--awb-border-radius-top-left:0px;--awb-border-radius-top-right:0px;--awb-border-radius-bottom-right:0px;--awb-border-radius-bottom-left:0px;--awb-flex-wrap:wrap;\" ><div class=\"fusion-builder-row fusion-row fusion-flex-align-items-flex-start fusion-flex-content-wrap\" style=\"width:104% !important;max-width:104% !important;margin-left: calc(-4% \/ 2 );margin-right: calc(-4% \/ 2 );\"><div class=\"fusion-layout-column fusion_builder_column fusion-builder-column-3 fusion_builder_column_1_1 1_1 fusion-flex-column\" style=\"--awb-bg-size:cover;--awb-width-large:100%;--awb-flex-grow:0;--awb-flex-shrink:0;--awb-margin-top-large:0px;--awb-spacing-right-large:1.92%;--awb-margin-bottom-large:20px;--awb-spacing-left-large:1.92%;--awb-width-medium:100%;--awb-order-medium:0;--awb-flex-grow-medium:0;--awb-flex-shrink-medium:0;--awb-spacing-right-medium:1.92%;--awb-spacing-left-medium:1.92%;--awb-width-small:100%;--awb-order-small:0;--awb-flex-grow-small:0;--awb-flex-shrink-small:0;--awb-spacing-right-small:1.92%;--awb-spacing-left-small:1.92%;\"><div class=\"fusion-column-wrapper fusion-column-has-shadow fusion-flex-justify-content-flex-start fusion-content-layout-column\"><div class=\"fusion-title title fusion-title-2 fusion-sep-none fusion-title-text fusion-title-size-one\" style=\"--awb-text-color:var(--awb-color4);--awb-margin-top:0px;--awb-margin-bottom:0px;\"><h1 class=\"fusion-title-heading title-heading-left\" style=\"margin:0;\">Susisiekite su mumis<\/h1><\/div><div class=\"fusion-text fusion-text-2 fusion-text-no-margin\" style=\"--awb-margin-top:0px;--awb-margin-right:0px;--awb-margin-bottom:0px;--awb-margin-left:0px;\"><h5>Turite klausim\u0173?<\/h5>\n<\/div>\n<div class=\"form-submission-notices data-notice_1\" id=\"fusion-notices-1\"><div class=\"fusion-alert alert success alert-success fusion-alert-center fusion-form-response fusion-form-response-success awb-alert-native-link-color alert-dismissable awb-alert-close-boxed\" role=\"alert\"><div class=\"fusion-alert-content-wrapper\"><span class=\"alert-icon\"><i class=\"awb-icon-check-circle\" aria-hidden=\"true\"><\/i><\/span><span class=\"fusion-alert-content\">D\u0117kojame u\u017e J\u016bs\u0173 prane\u0161im\u0105! J\u012f gavome ir su Jumis susisieksime kaip \u012fmanoma grei\u010diau.<\/span><\/div><button type=\"button\" class=\"close toggle-alert\" data-dismiss=\"alert\" aria-label=\"Close\">&times;<\/button><\/div><div class=\"fusion-alert alert error alert-danger fusion-alert-center fusion-form-response fusion-form-response-error awb-alert-native-link-color alert-dismissable awb-alert-close-boxed\" role=\"alert\"><div class=\"fusion-alert-content-wrapper\"><span class=\"alert-icon\"><i class=\"awb-icon-exclamation-triangle\" aria-hidden=\"true\"><\/i><\/span><span class=\"fusion-alert-content\">Atsipra\u0161ome, ta\u010diau J\u016bs\u0173 prane\u0161imo nepavyko i\u0161si\u0173sti. Pabandykite dar kart\u0105!<\/span><\/div><button type=\"button\" class=\"close toggle-alert\" data-dismiss=\"alert\" aria-label=\"Close\">&times;<\/button><\/div><\/div><\/div><\/div><div class=\"fusion-layout-column fusion_builder_column fusion-builder-column-4 fusion_builder_column_1_3 1_3 fusion-flex-column\" style=\"--awb-bg-size:cover;--awb-width-large:33.333333333333%;--awb-flex-grow:0;--awb-flex-shrink:0;--awb-margin-top-large:0px;--awb-spacing-right-large:5.76%;--awb-margin-bottom-large:20px;--awb-spacing-left-large:5.76%;--awb-width-medium:33.333333333333%;--awb-order-medium:0;--awb-flex-grow-medium:0;--awb-flex-shrink-medium:0;--awb-spacing-right-medium:5.76%;--awb-spacing-left-medium:5.76%;--awb-width-small:100%;--awb-order-small:0;--awb-flex-grow-small:0;--awb-flex-shrink-small:0;--awb-spacing-right-small:1.92%;--awb-spacing-left-small:1.92%;\"><div class=\"fusion-column-wrapper fusion-column-has-shadow fusion-flex-justify-content-flex-start fusion-content-layout-column\"><div class=\"fusion-form-field fusion-form-text-field fusion-form-label-above\" style=\"\" data-form-id=\"32\"><input type=\"text\" autocomplete=\"off\"  pattern=\"[a-zA-Z]+\"  data-invalid-notice=\"Neteisingi duomenys\"  data-empty-notice=\"Laukas b\u016btinas!\" name=\"vardas\" id=\"vardas\" value=\"\"  class=\"fusion-form-input\" required=\"true\" aria-required=\"true\" placeholder=\"Vardas *\" data-holds-private-data=\"false\" minlength=\"2\"\/><\/div><div class=\"fusion-form-field fusion-form-text-field fusion-form-label-above\" style=\"\" data-form-id=\"32\"><input type=\"text\" autocomplete=\"off\"  pattern=\"[a-zA-Z]+\"  data-invalid-notice=\"Neteisingi duomenys!\"  data-empty-notice=\"Laukas b\u016btinas!\" name=\"pavarde\" id=\"pavarde\" value=\"\"  class=\"fusion-form-input\" required=\"true\" aria-required=\"true\" placeholder=\"Pavard\u0117 *\" data-holds-private-data=\"false\" minlength=\"2\"\/><\/div><div class=\"fusion-form-field fusion-form-text-field fusion-form-label-above\" style=\"\" data-form-id=\"32\"><input type=\"text\" autocomplete=\"off\" name=\"imone\" id=\"imone\" value=\"\"  class=\"fusion-form-input\" placeholder=\"\u012emon\u0117 \" data-holds-private-data=\"false\" minlength=\"0\"\/><\/div><\/div><\/div><div class=\"fusion-layout-column fusion_builder_column fusion-builder-column-5 fusion_builder_column_1_3 1_3 fusion-flex-column\" style=\"--awb-bg-size:cover;--awb-width-large:33.333333333333%;--awb-flex-grow:0;--awb-flex-shrink:0;--awb-margin-top-large:0px;--awb-spacing-right-large:5.76%;--awb-margin-bottom-large:20px;--awb-spacing-left-large:5.76%;--awb-width-medium:33.333333333333%;--awb-order-medium:0;--awb-flex-grow-medium:0;--awb-flex-shrink-medium:0;--awb-spacing-right-medium:5.76%;--awb-spacing-left-medium:5.76%;--awb-width-small:100%;--awb-order-small:0;--awb-flex-grow-small:0;--awb-flex-shrink-small:0;--awb-spacing-right-small:1.92%;--awb-spacing-left-small:1.92%;\"><div class=\"fusion-column-wrapper fusion-column-has-shadow fusion-flex-justify-content-flex-start fusion-content-layout-column\"><div class=\"fusion-form-field fusion-form-email-field fusion-form-label-above\" style=\"\" data-form-id=\"32\"><input type=\"email\" autocomplete=\"off\"  data-empty-notice=\"Laukas b\u016btinas!\" name=\"el_pastas\" id=\"el_pastas\" value=\"\"  class=\"fusion-form-input\" required=\"true\" aria-required=\"true\" placeholder=\"El. pa\u0161tas *\" data-holds-private-data=\"false\"\/><\/div><div class=\"fusion-form-field fusion-form-phone-number-field fusion-form-label-above\" style=\"\" data-form-id=\"32\"><input type=\"tel\" autocomplete=\"off\"  data-empty-notice=\"Laukas b\u016btinas!\" name=\"mob_telefono_numeris\" id=\"mob_telefono_numeris\" value=\"\"  class=\"fusion-form-input\" required=\"true\" aria-required=\"true\" placeholder=\"Mob. telefono numeris *\" data-holds-private-data=\"false\"\/><\/div><div class=\"fusion-form-field fusion-form-consent-field fusion-form-label-above\" style=\"\" data-form-id=\"32\"><div class=\"fusion-form-checkbox option-inline\"><input tabindex=\"\" id=\"_susipazinau_su_privatumo_politika_ir_sutinku\" type=\"checkbox\" value=\"1\" name=\"_susipazinau_su_privatumo_politika_ir_sutinku\" class=\"fusion-form-input\" required=\"true\" aria-required=\"true\" checked \/><label for=\"_susipazinau_su_privatumo_politika_ir_sutinku\">Susipa\u017einau su <a href=\"https:\/\/www.stafferty.lt\/privatumo-politika\/\" target=\"_blank\">privatumo politika<\/a>\u00a0ir sutinku su mano pateikt\u0173 asmens duomen\u0173 \ntvarkymu\n<\/label><\/div><\/div><\/div><\/div><div class=\"fusion-layout-column fusion_builder_column fusion-builder-column-6 fusion_builder_column_1_3 1_3 fusion-flex-column\" style=\"--awb-bg-size:cover;--awb-width-large:33.333333333333%;--awb-flex-grow:0;--awb-flex-shrink:0;--awb-margin-top-large:0px;--awb-spacing-right-large:5.76%;--awb-margin-bottom-large:20px;--awb-spacing-left-large:5.76%;--awb-width-medium:33.333333333333%;--awb-order-medium:0;--awb-flex-grow-medium:0;--awb-flex-shrink-medium:0;--awb-spacing-right-medium:5.76%;--awb-spacing-left-medium:5.76%;--awb-width-small:100%;--awb-order-small:0;--awb-flex-grow-small:0;--awb-flex-shrink-small:0;--awb-spacing-right-small:1.92%;--awb-spacing-left-small:1.92%;\"><div class=\"fusion-column-wrapper fusion-column-has-shadow fusion-flex-justify-content-flex-start fusion-content-layout-column\"><div class=\"fusion-form-field fusion-form-textarea-field fusion-form-label-above\" style=\"\" data-form-id=\"32\"><textarea cols=\"40\" autocomplete=\"off\"  minlength=\"100\"  rows=\"15\" tabindex=\"\" id=\"\" name=\"\" class=\"fusion-form-input\" required=\"true\" aria-required=\"true\" placeholder=\"\u017dinut\u0117 *\" data-holds-private-data=\"false\"><\/textarea><\/div><\/div><\/div><div class=\"fusion-layout-column fusion_builder_column fusion-builder-column-7 fusion_builder_column_1_1 1_1 fusion-flex-column\" style=\"--awb-bg-size:cover;--awb-width-large:100%;--awb-flex-grow:0;--awb-flex-shrink:0;--awb-margin-top-large:0px;--awb-spacing-right-large:1.92%;--awb-margin-bottom-large:20px;--awb-spacing-left-large:1.92%;--awb-width-medium:100%;--awb-order-medium:0;--awb-flex-grow-medium:0;--awb-flex-shrink-medium:0;--awb-spacing-right-medium:1.92%;--awb-spacing-left-medium:1.92%;--awb-width-small:100%;--awb-order-small:0;--awb-flex-grow-small:0;--awb-flex-shrink-small:0;--awb-spacing-right-small:1.92%;--awb-spacing-left-small:1.92%;\"><div class=\"fusion-column-wrapper fusion-column-has-shadow fusion-flex-justify-content-flex-start fusion-content-layout-column\"><div class=\"fusion-form-field fusion-form-submit-field fusion-form-label-above\" style=\"\" data-form-id=\"32\"><div style=\"text-align:right;\"><button type=\"submit\" class=\"fusion-button button-flat fusion-button-default-size button-default fusion-button-default button-1 fusion-button-default-span  button-default form-form-submit\" data-form-number=\"32\" tabindex=\"\"><span class=\"fusion-button-text awb-button__text awb-button__text--default\">PATEIKTI<\/span><\/button><\/div><\/div><\/div><\/div><\/div><\/div><input type=\"hidden\" name=\"fusion_privacy_store_ip_ua\" value=\"false\"><input type=\"hidden\" name=\"fusion_privacy_expiration_interval\" value=\"48\"><input type=\"hidden\" name=\"privacy_expiration_action\" value=\"anonymize\"><\/form><\/div><\/div><\/div><\/div><\/div><\/p>\n","protected":false},"excerpt":{"rendered":"","protected":false},"author":1,"featured_media":0,"parent":574,"menu_order":0,"comment_status":"closed","ping_status":"closed","template":"100-width.php","meta":{"footnotes":""},"class_list":["post-626","page","type-page","status-publish","hentry"],"_links":{"self":[{"href":"https:\/\/stafferty.lt\/en\/wp-json\/wp\/v2\/pages\/626","targetHints":{"allow":["GET"]}}],"collection":[{"href":"https:\/\/stafferty.lt\/en\/wp-json\/wp\/v2\/pages"}],"about":[{"href":"https:\/\/stafferty.lt\/en\/wp-json\/wp\/v2\/types\/page"}],"author":[{"embeddable":true,"href":"https:\/\/stafferty.lt\/en\/wp-json\/wp\/v2\/users\/1"}],"replies":[{"embeddable":true,"href":"https:\/\/stafferty.lt\/en\/wp-json\/wp\/v2\/comments?post=626"}],"version-history":[{"count":13,"href":"https:\/\/stafferty.lt\/en\/wp-json\/wp\/v2\/pages\/626\/revisions"}],"predecessor-version":[{"id":1401,"href":"https:\/\/stafferty.lt\/en\/wp-json\/wp\/v2\/pages\/626\/revisions\/1401"}],"up":[{"embeddable":true,"href":"https:\/\/stafferty.lt\/en\/wp-json\/wp\/v2\/pages\/574"}],"wp:attachment":[{"href":"https:\/\/stafferty.lt\/en\/wp-json\/wp\/v2\/media?parent=626"}],"curies":[{"name":"wp","href":"https:\/\/api.w.org\/{rel}","templated":true}]}}