{"id":768,"date":"2024-07-29T09:44:09","date_gmt":"2024-07-29T06:44:09","guid":{"rendered":"http:\/\/stafferty.lt\/?page_id=768"},"modified":"2025-01-17T15:31:06","modified_gmt":"2025-01-17T12:31:06","slug":"klientu-atsiliepimu-tvarkymo-taisykles","status":"publish","type":"page","link":"https:\/\/stafferty.lt\/en\/klientu-atsiliepimu-tvarkymo-taisykles\/","title":{"rendered":"Klient\u0173 atsiliepim\u0173 tvarkymo taisykl\u0117s"},"content":{"rendered":"<p><div class=\"fusion-fullwidth fullwidth-box fusion-builder-row-1 fusion-flex-container has-pattern-background has-mask-background hundred-percent-fullwidth non-hundred-percent-height-scrolling\" style=\"--awb-border-radius-top-left:0px;--awb-border-radius-top-right:0px;--awb-border-radius-bottom-right:0px;--awb-border-radius-bottom-left:0px;--awb-padding-top:;--awb-padding-right:0px;--awb-padding-bottom:0px;--awb-padding-left:0px;--awb-margin-top:0px;--awb-margin-bottom:0px;--awb-background-color:#2c3d4f;--awb-background-size:cover;--awb-flex-wrap:wrap;\" ><div class=\"awb-background-mask\" style=\"background-image:  url();opacity: 0.3 ;transform: scale(1, 1);mix-blend-mode:overlay;\"><\/div><div class=\"fusion-builder-row fusion-row fusion-flex-align-items-flex-start fusion-flex-content-wrap\" style=\"width:104% !important;max-width:104% !important;margin-left: calc(-4% \/ 2 );margin-right: calc(-4% \/ 2 );\"><div class=\"fusion-layout-column fusion_builder_column fusion-builder-column-0 fusion_builder_column_1_1 1_1 fusion-flex-column\" style=\"--awb-bg-size:cover;--awb-width-large:100%;--awb-margin-top-large:0px;--awb-spacing-right-large:1.92%;--awb-margin-bottom-large:20px;--awb-spacing-left-large:1.92%;--awb-width-medium:100%;--awb-order-medium:0;--awb-spacing-right-medium:1.92%;--awb-spacing-left-medium:1.92%;--awb-width-small:100%;--awb-order-small:0;--awb-spacing-right-small:1.92%;--awb-spacing-left-small:1.92%;\" data-scroll-devices=\"small-visibility,medium-visibility,large-visibility\"><div class=\"fusion-column-wrapper fusion-column-has-shadow fusion-flex-justify-content-flex-start fusion-content-layout-column\"><div class=\"fusion-title title fusion-title-1 fusion-sep-none fusion-title-text fusion-title-size-one\" style=\"--awb-text-color:var(--awb-color4);--awb-margin-top:40px;--awb-margin-right:40px;--awb-margin-bottom:40px;--awb-margin-left:40px;--awb-margin-top-small:20px;--awb-margin-right-small:20px;--awb-margin-bottom-small:20px;--awb-margin-left-small:20px;\"><h1 class=\"fusion-title-heading title-heading-left md-text-align-center sm-text-align-center\" style=\"margin:0;\"><div style=\"text-align: left;\"><span style=\"color: var(--awb-text-color); font-family: var(--h1_typography-font-family); font-size: 1em; font-style: var(--h1_typography-font-style,normal); font-weight: var(--h1_typography-font-weight); letter-spacing: var(--h1_typography-letter-spacing); text-transform: var(--h1_typography-text-transform); background-color: var(--awb-bg-color);\">Klient\u0173 atsiliepim\u0173 tvarkymo taisykl\u0117s<\/span><\/div><\/h1><\/div><\/div><\/div><\/div><\/div><div class=\"fusion-fullwidth fullwidth-box fusion-builder-row-2 fusion-flex-container has-pattern-background has-mask-background nonhundred-percent-fullwidth non-hundred-percent-height-scrolling\" style=\"--awb-border-radius-top-left:0px;--awb-border-radius-top-right:0px;--awb-border-radius-bottom-right:0px;--awb-border-radius-bottom-left:0px;--awb-padding-top:5%;--awb-padding-right:5%;--awb-padding-left:5%;--awb-flex-wrap:wrap;\" ><div class=\"fusion-builder-row fusion-row fusion-flex-align-items-flex-start fusion-flex-content-wrap\" style=\"max-width:1996.8px;margin-left: calc(-4% \/ 2 );margin-right: calc(-4% \/ 2 );\"><div class=\"fusion-layout-column fusion_builder_column fusion-builder-column-1 fusion_builder_column_1_1 1_1 fusion-flex-column\" style=\"--awb-bg-size:cover;--awb-width-large:100%;--awb-margin-top-large:0px;--awb-spacing-right-large:1.92%;--awb-margin-bottom-large:20px;--awb-spacing-left-large:1.92%;--awb-width-medium:100%;--awb-order-medium:0;--awb-spacing-right-medium:1.92%;--awb-spacing-left-medium:1.92%;--awb-width-small:100%;--awb-order-small:0;--awb-spacing-right-small:1.92%;--awb-spacing-left-small:1.92%;\"><div class=\"fusion-column-wrapper fusion-column-has-shadow fusion-flex-justify-content-flex-start fusion-content-layout-column\"><div class=\"fusion-text fusion-text-1\"><p>\u0160ios Klient\u0173 atsiliepim\u0173 www.stafferty.lt tvarkymo taisykl\u0117s (toliau \u2013 Taisykl\u0117s) nustato U\u017edaros akcin\u0117s bendrov\u0117s STFF Stafferty klient\u0173 atsiliepim\u0173 apie \u012fsigytas paslaugas rinkimo ir j\u0173 vie\u0161inimo interneto svetain\u0117je www.stafferty.lt, kurios savininkas ir administratorius U\u017edaros akcin\u0117s bendrov\u0117s STFF Stafferty, tvark\u0105.<br \/>\nBendrov\u0117 \u2013 U\u017edaros akcin\u0117s bendrov\u0117s STFF Stafferty, juridinio asmens kodas 125956523, registruota Lietuvos Respublikos juridini\u0173 asmen\u0173 registre adresu Ukmerg\u0117s str. 126, BC CORE, Vilnius.<br \/>\nAtsiliepimas \u2013 Kliento el. pa\u0161tu pateikta nuomon\u0117 ar rekomendacija apie Bendrov\u0117s paslaugas ir aptarnavim\u0105, skelbiami interneto svetain\u0117je www.stafferty.lt.<br \/>\nKlientas \u2013 fizinis arba juridinis asmuo, sutarties pagrindu \u012fsigij\u0119s draudimo paslaugas i\u0161 Bendrov\u0117s.<br \/>\nAtsiliepimai renkami Bendrov\u0117s iniciatyva, kreipiantis \u012f Klientus j\u0173 nurodytu el. pa\u0161to adresu po to, kai Klientai \u012fsigijo paslaugas, tokiu b\u016bdu u\u017etikrinant, kad Atsiliepimas yra gaunamas i\u0161 asmens, kuris i\u0161 ties\u0173 \u012fsigijo Bendrov\u0117s paslaugas.<br \/>\nBendrov\u0117 skelbia autenti\u0161kus, t. y. tik pa\u010di\u0173 Klient\u0173 parengtus ir Bendrovei pasikreipus pateiktus atsiliepimus. Koreguojamas gali b\u016bti tik prane\u0161imo ilgis (gali b\u016bti pateikiama tik dalis atsiliepimo teksto, trumpinant neperfrazuojame ir nekei\u010diame prane\u0161imo esm\u0117s), akivaizd\u017eios gramatin\u0117s ar skyrybos klaidos.<\/p>\n<p>Bendrov\u0117 skelbia Klient\u0173, pateiktus atsiliepimus, jeigu jie neprie\u0161tarauja teis\u0117s akt\u0173 reikalavimams ar n\u0117ra kitaip neeti\u0161ki:<br \/>\n&#8211; n\u0117ra susij\u0119 su nelegalia veikla;<br \/>\n&#8211; neminima politi\u0161kai jautri veikla;<br \/>\n&#8211; n\u0117ra nurodoma asmenin\u0117 ar kitokia neskelbtina informacija (pavyzd\u017eiui, el. pa\u0161to adresai, telefono numeriai, kredito kortel\u0117s informacija ar pan.);<br \/>\n&#8211; Atsiliepim\u0173 turinys n\u0117ra \u012f\u017eeid\u017eiantis arba nesusij\u0119s su Bendrov\u0117s paslaugomis ar prek\u0117s \u017eenklu);<br \/>\n&#8211; Atsiliepimuose n\u0117ra keiksma\u017eod\u017ei\u0173, neapykantos kurstymo, diskriminacijos, grasinim\u0173 ir pan.<\/p>\n<p>Vie\u0161ai www.stafferty.lt skelbiami atsiliepimai tik t\u0173 klient\u0173, kurie sudalyvavo interneto apklausoje ir penkiabal\u0117je sistemoje \u012fvertino patirt\u012f su \u012fmone 4-5 balais, kartu su atsiliepimu pateik\u0117 patvirtinim\u0105, kad sutinka, jog Bendrov\u0117 atsiliepim\u0105 paskelbt\u0173 vie\u0161ai, taip pat patvirtinim\u0105, kad susipa\u017eino su Bendrov\u0117s Privatumo politikoje skelbiamomis Klient\u0173 asmens duomen\u0173 tvarkymo taisykl\u0117mis, numatan\u010diomis, kad Kliento identifikacijos d\u0117l pateikto atsiliepimo tikslu 3 metus nuo Atsiliepimo pateikimo bus tvarkomi Kliento pateikti duomenys.<br \/>\nwww.stafferty.lt vie\u0161ai rodo tik Atsiliepim\u0105 pateikusio Kliento vard\u0105 ir pat\u012f atsiliepim\u0105. www.stafferty.lt nerodomi tokie duomenys, kaip pateikusio atsiliepim\u0105 Kliento pavard\u0117, el. pa\u0161to adresas, telefono numeris ar kita informacija, kuri\u0105 Bendrov\u0117 teis\u0117tais pagrindais tvarko apie savo klient\u0105.<br \/>\nAtsiliepimai skelbiami lietuvi\u0173 kalba; u\u017e pateiktus Atsiliepimus Bendrovei n\u0117ra apmokama.<br \/>\nBendrov\u0117 turi teis\u0119 keisti, taisyti ir pildyti Taisykles teis\u0117s aktuose nustatyta tvarka. Taisykli\u0173 pakeitimai \u012fsigalioja nuo j\u0173 paskelbimo momento.<\/p>\n<\/div><\/div><\/div><\/div><\/div><\/p>","protected":false},"excerpt":{"rendered":"","protected":false},"author":1,"featured_media":0,"parent":0,"menu_order":0,"comment_status":"closed","ping_status":"closed","template":"100-width.php","meta":{"footnotes":""},"class_list":["post-768","page","type-page","status-publish","hentry"],"_links":{"self":[{"href":"https:\/\/stafferty.lt\/en\/wp-json\/wp\/v2\/pages\/768","targetHints":{"allow":["GET"]}}],"collection":[{"href":"https:\/\/stafferty.lt\/en\/wp-json\/wp\/v2\/pages"}],"about":[{"href":"https:\/\/stafferty.lt\/en\/wp-json\/wp\/v2\/types\/page"}],"author":[{"embeddable":true,"href":"https:\/\/stafferty.lt\/en\/wp-json\/wp\/v2\/users\/1"}],"replies":[{"embeddable":true,"href":"https:\/\/stafferty.lt\/en\/wp-json\/wp\/v2\/comments?post=768"}],"version-history":[{"count":11,"href":"https:\/\/stafferty.lt\/en\/wp-json\/wp\/v2\/pages\/768\/revisions"}],"predecessor-version":[{"id":1408,"href":"https:\/\/stafferty.lt\/en\/wp-json\/wp\/v2\/pages\/768\/revisions\/1408"}],"wp:attachment":[{"href":"https:\/\/stafferty.lt\/en\/wp-json\/wp\/v2\/media?parent=768"}],"curies":[{"name":"wp","href":"https:\/\/api.w.org\/{rel}","templated":true}]}}